{"id":1576,"date":"2023-12-08T17:43:34","date_gmt":"2023-12-08T16:43:34","guid":{"rendered":"https:\/\/dev.cognac-thorin.com\/?post_type=product&#038;p=1576"},"modified":"2026-04-15T15:48:20","modified_gmt":"2026-04-15T13:48:20","slug":"heritage","status":"publish","type":"product","link":"https:\/\/www.cognac-thorin.com\/en\/product\/heritage\/","title":{"rendered":"H\u00e9ritage"},"content":{"rendered":"<p>[et_pb_section fb_built=\u00a0\u00bb1&Prime; _builder_version=\u00a0\u00bb4.23.1&Prime; _module_preset=\u00a0\u00bbdefault\u00a0\u00bb custom_margin=\u00a0\u00bb101px||||false|false\u00a0\u00bb custom_margin_tablet=\u00a0\u00bb101px||||false|false\u00a0\u00bb custom_margin_phone=\u00a0\u00bb0px||||false|false\u00a0\u00bb custom_margin_last_edited=\u00a0\u00bbon|phone\u00a0\u00bb custom_padding=\u00a0\u00bb0px|||||\u00a0\u00bb locked=\u00a0\u00bboff\u00a0\u00bb global_colors_info=\u00a0\u00bb{}\u00a0\u00bb][et_pb_row _builder_version=\u00a0\u00bb4.23.1&Prime; _module_preset=\u00a0\u00bbdefault\u00a0\u00bb width=\u00a0\u00bb90%\u00a0\u00bb max_width=\u00a0\u00bb100%\u00a0\u00bb custom_padding=\u00a0\u00bb39px||0px|||\u00a0\u00bb global_colors_info=\u00a0\u00bb{}\u00a0\u00bb][et_pb_column type=\u00a0\u00bb4_4&Prime; _builder_version=\u00a0\u00bb4.23.1&Prime; _module_preset=\u00a0\u00bbdefault\u00a0\u00bb global_colors_info=\u00a0\u00bb{}\u00a0\u00bb][et_pb_wc_breadcrumb _builder_version=\u00a0\u00bb4.23.1&Prime; _module_preset=\u00a0\u00bbdefault\u00a0\u00bb body_font_size=\u00a0\u00bb19px\u00a0\u00bb custom_margin=\u00a0\u00bb|||26px|false|false\u00a0\u00bb global_colors_info=\u00a0\u00bb{}\u00a0\u00bb][\/et_pb_wc_breadcrumb][\/et_pb_column][\/et_pb_row][et_pb_row column_structure=\u00a0\u00bb1_4,1_4,1_2&Prime; _builder_version=\u00a0\u00bb4.23.1&Prime; _module_preset=\u00a0\u00bbdefault\u00a0\u00bb width=\u00a0\u00bb94%\u00a0\u00bb max_width=\u00a0\u00bb100%\u00a0\u00bb custom_padding=\u00a0\u00bb|24px||24px|false|true\u00a0\u00bb global_colors_info=\u00a0\u00bb{}\u00a0\u00bb][et_pb_column type=\u00a0\u00bb1_4&Prime; _builder_version=\u00a0\u00bb4.23.1&Prime; _module_preset=\u00a0\u00bbdefault\u00a0\u00bb global_colors_info=\u00a0\u00bb{}\u00a0\u00bb][dipl_separator line_type=\u00a0\u00bbdouble\u00a0\u00bb seprator_thickness=\u00a0\u00bb1px\u00a0\u00bb separator_color=\u00a0\u00bb#CCA351&Prime; _builder_version=\u00a0\u00bb4.23.1&Prime; _module_preset=\u00a0\u00bbdefault\u00a0\u00bb width=\u00a0\u00bb30%\u00a0\u00bb module_alignment=\u00a0\u00bbcenter\u00a0\u00bb global_colors_info=\u00a0\u00bb{}\u00a0\u00bb][\/dipl_separator][et_pb_wc_title _builder_version=\u00a0\u00bb4.23.1&Prime; _module_preset=\u00a0\u00bbdefault\u00a0\u00bb header_font=\u00a0\u00bb|||on|||||\u00a0\u00bb header_text_align=\u00a0\u00bbcenter\u00a0\u00bb header_font_size=\u00a0\u00bb54px\u00a0\u00bb global_colors_info=\u00a0\u00bb{}\u00a0\u00bb][\/et_pb_wc_title][dipl_separator line_type=\u00a0\u00bbdouble\u00a0\u00bb seprator_thickness=\u00a0\u00bb1px\u00a0\u00bb separator_color=\u00a0\u00bb#CCA351&Prime; _builder_version=\u00a0\u00bb4.23.1&Prime; _module_preset=\u00a0\u00bbdefault\u00a0\u00bb width=\u00a0\u00bb30%\u00a0\u00bb module_alignment=\u00a0\u00bbcenter\u00a0\u00bb global_colors_info=\u00a0\u00bb{}\u00a0\u00bb][\/dipl_separator][et_pb_text _builder_version=\u00a0\u00bb4.27.5&Prime; _module_preset=\u00a0\u00bbdefault\u00a0\u00bb header_3_font=\u00a0\u00bb|||on|||||\u00a0\u00bb header_3_text_align=\u00a0\u00bbcenter\u00a0\u00bb header_3_font_size=\u00a0\u00bb42px\u00a0\u00bb header_4_font=\u00a0\u00bbLobster||||||||\u00a0\u00bb header_4_text_align=\u00a0\u00bbcenter\u00a0\u00bb header_4_font_size=\u00a0\u00bb40px\u00a0\u00bb global_colors_info=\u00a0\u00bb{}\u00a0\u00bb]<\/p>\n<h3>Cognac<\/h3>\n<h4>Grande<br \/>Champagne<\/h4>\n<p>[\/et_pb_text][dipl_separator line_type=\u00a0\u00bbdouble\u00a0\u00bb seprator_thickness=\u00a0\u00bb1px\u00a0\u00bb separator_color=\u00a0\u00bb#CCA351&Prime; _builder_version=\u00a0\u00bb4.23.1&Prime; _module_preset=\u00a0\u00bbdefault\u00a0\u00bb width=\u00a0\u00bb30%\u00a0\u00bb module_alignment=\u00a0\u00bbcenter\u00a0\u00bb global_colors_info=\u00a0\u00bb{}\u00a0\u00bb][\/dipl_separator][\/et_pb_column][et_pb_column type=\u00a0\u00bb1_4&Prime; _builder_version=\u00a0\u00bb4.23.1&Prime; _module_preset=\u00a0\u00bbdefault\u00a0\u00bb global_colors_info=\u00a0\u00bb{}\u00a0\u00bb][dipl_image_card image=\u00a0\u00bb@ET-DC@eyJkeW5hbWljIjp0cnVlLCJjb250ZW50IjoicG9zdF9mZWF0dXJlZF9pbWFnZSIsInNldHRpbmdzIjp7fX0=@\u00a0\u00bb _builder_version=\u00a0\u00bb4.23.1&Prime; _dynamic_attributes=\u00a0\u00bbimage\u00a0\u00bb _module_preset=\u00a0\u00bbdefault\u00a0\u00bb title_font_size=\u00a0\u00bb0px\u00a0\u00bb width=\u00a0\u00bb50%\u00a0\u00bb width_tablet=\u00a0\u00bb50%\u00a0\u00bb width_phone=\u00a0\u00bb36%\u00a0\u00bb width_last_edited=\u00a0\u00bbon|phone\u00a0\u00bb module_alignment=\u00a0\u00bbcenter\u00a0\u00bb global_colors_info=\u00a0\u00bb{}\u00a0\u00bb][\/dipl_image_card][\/et_pb_column][et_pb_column type=\u00a0\u00bb1_2&Prime; _builder_version=\u00a0\u00bb4.23.1&Prime; _module_preset=\u00a0\u00bbdefault\u00a0\u00bb global_colors_info=\u00a0\u00bb{}\u00a0\u00bb][et_pb_wc_description admin_label=\u00a0\u00bbDescription Courte\u00a0\u00bb _builder_version=\u00a0\u00bb4.23.1&Prime; _module_preset=\u00a0\u00bbdefault\u00a0\u00bb header_3_font=\u00a0\u00bbLobster||||||||\u00a0\u00bb header_3_font_size=\u00a0\u00bb30px\u00a0\u00bb custom_margin=\u00a0\u00bb||23px|||\u00a0\u00bb global_colors_info=\u00a0\u00bb{}\u00a0\u00bb][\/et_pb_wc_description][et_pb_wc_description description_type=\u00a0\u00bbdescription\u00a0\u00bb admin_label=\u00a0\u00bbDescription (encart dor\u00e9)\u00a0\u00bb _builder_version=\u00a0\u00bb4.23.1&Prime; _module_preset=\u00a0\u00bbdefault\u00a0\u00bb body_text_color=\u00a0\u00bb#CCA351&Prime; header_3_font=\u00a0\u00bbLobster||||||||\u00a0\u00bb header_3_text_color=\u00a0\u00bb#CCA351&Prime; header_3_font_size=\u00a0\u00bb34px\u00a0\u00bb custom_margin=\u00a0\u00bb||18px|||\u00a0\u00bb custom_padding=\u00a0\u00bb|10px|10px|10px|false|true\u00a0\u00bb border_width_all=\u00a0\u00bb1px\u00a0\u00bb border_color_all=\u00a0\u00bb#CCA351&Prime; global_colors_info=\u00a0\u00bb{}\u00a0\u00bb][\/et_pb_wc_description][et_pb_text disabled_on=\u00a0\u00bboff|off|off\u00a0\u00bb admin_label=\u00a0\u00bbTitre M\u00e9dailles\u00a0\u00bb _builder_version=\u00a0\u00bb4.27.5&Prime; _module_preset=\u00a0\u00bbdefault\u00a0\u00bb header_3_font=\u00a0\u00bbLobster||||||||\u00a0\u00bb header_3_font_size=\u00a0\u00bb34px\u00a0\u00bb custom_margin=\u00a0\u00bb||-6px||false|false\u00a0\u00bb custom_padding=\u00a0\u00bb||0px|||\u00a0\u00bb global_colors_info=\u00a0\u00bb{}\u00a0\u00bb]<\/p>\n<h3>Medals:<\/h3>\n<p>[\/et_pb_text][dipl_image_card_carousel equalize_slides_height=\u00a0\u00bbon\u00a0\u00bb autoplay=\u00a0\u00bboff\u00a0\u00bb cards_per_slide_tablet=\u00a0\u00bb2&Prime; cards_per_slide_phone=\u00a0\u00bb3&Prime; cards_per_slide_last_edited=\u00a0\u00bbon|desktop\u00a0\u00bb _builder_version=\u00a0\u00bb4.27.5&Prime; _module_preset=\u00a0\u00bbdefault\u00a0\u00bb width=\u00a0\u00bb89%\u00a0\u00bb max_width=\u00a0\u00bb74%\u00a0\u00bb max_height=\u00a0\u00bb210px\u00a0\u00bb custom_margin=\u00a0\u00bb||8px|||\u00a0\u00bb custom_padding=\u00a0\u00bb||0px|||\u00a0\u00bb hover_enabled=\u00a0\u00bb0&Prime; global_colors_info=\u00a0\u00bb{}\u00a0\u00bb min_height=\u00a0\u00bb100px\u00a0\u00bb sticky_enabled=\u00a0\u00bb0&Prime;][dipl_image_card_carousel_item title=\u00a0\u00bb.\u00a0\u00bb image=\u00a0\u00bbhttps:\/\/www.cognac-thorin.com\/wp-content\/uploads\/2026\/04\/or-2026.jpg\u00a0\u00bb _builder_version=\u00a0\u00bb4.27.5&Prime; _module_preset=\u00a0\u00bbdefault\u00a0\u00bb width=\u00a0\u00bb70%\u00a0\u00bb global_colors_info=\u00a0\u00bb{}\u00a0\u00bb][\/dipl_image_card_carousel_item][\/dipl_image_card_carousel][et_pb_text _builder_version=\u00a0\u00bb4.23.1&Prime; _module_preset=\u00a0\u00bbdefault\u00a0\u00bb text_font=\u00a0\u00bb||||on||||\u00a0\u00bb custom_margin=\u00a0\u00bb1px|||||\u00a0\u00bb custom_padding=\u00a0\u00bb||0px|||\u00a0\u00bb global_colors_info=\u00a0\u00bb{}\u00a0\u00bb]<\/p>\n<div class=\"page\" title=\"Page 5\">\n<div class=\"section\">\n<div class=\"layoutArea\">\n<div class=\"column\">\n<p><a href=\"https:\/\/dev.cognac-thorin.com\/produit\/extra\/\">Also available in carafe: EXTRA<\/a><\/p>\n<\/div>\n<\/div>\n<\/div>\n<\/div>\n<p>[\/et_pb_text][\/et_pb_column][\/et_pb_row][et_pb_row admin_label=\u00a0\u00bbProduits similaires cognac\u00a0\u00bb _builder_version=\u00a0\u00bb4.16&Prime; background_size=\u00a0\u00bbinitial\u00a0\u00bb background_position=\u00a0\u00bbtop_left\u00a0\u00bb background_repeat=\u00a0\u00bbrepeat\u00a0\u00bb global_module=\u00a0\u00bb2066&Prime; global_colors_info=\u00a0\u00bb{}\u00a0\u00bb][et_pb_column type=\u00a0\u00bb4_4&Prime; _builder_version=\u00a0\u00bb4.23.1&Prime; _module_preset=\u00a0\u00bbdefault\u00a0\u00bb global_colors_info=\u00a0\u00bb{}\u00a0\u00bb][et_pb_text _builder_version=\u00a0\u00bb4.23.1&Prime; _module_preset=\u00a0\u00bbdefault\u00a0\u00bb header_3_text_align=\u00a0\u00bbcenter\u00a0\u00bb locked=\u00a0\u00bboff\u00a0\u00bb global_colors_info=\u00a0\u00bb{}\u00a0\u00bb]<\/p>\n<h3>Nos autres cognac<\/h3>\n<p>[\/et_pb_text][dipl_woo_products product_layout=\u00a0\u00bblayout2&Prime; products_number=\u00a0\u00bb3&Prime; offset_number=\u00a0\u00bb1&Prime; products_order_by=\u00a0\u00bbrand\u00a0\u00bb products_order=\u00a0\u00bbASC\u00a0\u00bb include_categories=\u00a0\u00bb21,22&Prime; number_of_columns=\u00a0\u00bb3&Prime; column_spacing=\u00a0\u00bb100px\u00a0\u00bb use_masonry=\u00a0\u00bbon\u00a0\u00bb thumbnail_size=\u00a0\u00bbwoocommerce_single\u00a0\u00bb show_price=\u00a0\u00bboff\u00a0\u00bb show_add_to_cart=\u00a0\u00bboff\u00a0\u00bb product_image_custom_padding=\u00a0\u00bb|60px||60px|false|true\u00a0\u00bb number_of_columns_tablet=\u00a0\u00bb3&Prime; number_of_columns_phone=\u00a0\u00bb2&Prime; number_of_columns_last_edited=\u00a0\u00bbon|phone\u00a0\u00bb column_spacing_tablet=\u00a0\u00bb100px\u00a0\u00bb column_spacing_phone=\u00a0\u00bb30px\u00a0\u00bb column_spacing_last_edited=\u00a0\u00bbon|phone\u00a0\u00bb disabled_on=\u00a0\u00bbon|off|off\u00a0\u00bb _builder_version=\u00a0\u00bb4.23.1&Prime; _module_preset=\u00a0\u00bbdefault\u00a0\u00bb title_font_size=\u00a0\u00bb15px\u00a0\u00bb width=\u00a0\u00bb74%\u00a0\u00bb max_width=\u00a0\u00bb74%\u00a0\u00bb module_alignment=\u00a0\u00bbcenter\u00a0\u00bb locked=\u00a0\u00bboff\u00a0\u00bb global_colors_info=\u00a0\u00bb{}\u00a0\u00bb][\/dipl_woo_products][dipl_woo_products_carousel products_number=\u00a0\u00bb6&Prime; products_order_by=\u00a0\u00bbrand\u00a0\u00bb products_order=\u00a0\u00bbASC\u00a0\u00bb include_categories=\u00a0\u00bb21,22&Prime; thumbnail_size=\u00a0\u00bbwoocommerce_single\u00a0\u00bb show_price=\u00a0\u00bboff\u00a0\u00bb show_add_to_cart=\u00a0\u00bboff\u00a0\u00bb show_sale_badge=\u00a0\u00bboff\u00a0\u00bb products_per_slide=\u00a0\u00bb3&Prime; space_between_slides=\u00a0\u00bb68px\u00a0\u00bb autoplay=\u00a0\u00bboff\u00a0\u00bb show_arrow=\u00a0\u00bbon\u00a0\u00bb previous_slide_arrow=\u00a0\u00bb&#x34;||divi||400&Prime; next_slide_arrow=\u00a0\u00bb&#x35;||divi||400&Prime; show_arrow_on_hover=\u00a0\u00bbon\u00a0\u00bb show_control_dot=\u00a0\u00bbon\u00a0\u00bb enable_dynamic_dots=\u00a0\u00bbon\u00a0\u00bb arrow_font_size=\u00a0\u00bb31px\u00a0\u00bb arrow_color=\u00a0\u00bb#CCA351&Prime; arrow_background_color=\u00a0\u00bb#FFFFFF\u00a0\u00bb control_dot_active_color=\u00a0\u00bb#CCA351&Prime; slider_container_custom_padding=\u00a0\u00bb|0px||0px|false|false\u00a0\u00bb product_content_custom_padding=\u00a0\u00bb15px|0px|15px|0px|true|true\u00a0\u00bb product_image_custom_padding=\u00a0\u00bb|0px||0px|false|false\u00a0\u00bb products_per_slide_tablet=\u00a0\u00bb2&Prime; products_per_slide_phone=\u00a0\u00bb2&Prime; products_per_slide_last_edited=\u00a0\u00bbon|phone\u00a0\u00bb space_between_slides_tablet=\u00a0\u00bb89px\u00a0\u00bb space_between_slides_phone=\u00a0\u00bb92px\u00a0\u00bb space_between_slides_last_edited=\u00a0\u00bbon|phone\u00a0\u00bb slider_container_custom_padding_tablet=\u00a0\u00bb|0px||0px|false|false\u00a0\u00bb slider_container_custom_padding_phone=\u00a0\u00bb|0px||0px|false|false\u00a0\u00bb slider_container_custom_padding_last_edited=\u00a0\u00bbon|phone\u00a0\u00bb product_content_custom_padding_tablet=\u00a0\u00bb\u00a0\u00bb product_content_custom_padding_phone=\u00a0\u00bb\u00a0\u00bb product_content_custom_padding_last_edited=\u00a0\u00bbon|phone\u00a0\u00bb disabled_on=\u00a0\u00bboff|on|on\u00a0\u00bb _builder_version=\u00a0\u00bb4.23.1&Prime; _module_preset=\u00a0\u00bbdefault\u00a0\u00bb title_font=\u00a0\u00bbDM Sans|||on|||||\u00a0\u00bb title_font_size=\u00a0\u00bb15px\u00a0\u00bb loader_icon_text_text_color=\u00a0\u00bb#CCA351&Prime; quickview_button_font=\u00a0\u00bb|600||on|||||\u00a0\u00bb width=\u00a0\u00bb43%\u00a0\u00bb width_tablet=\u00a0\u00bb\u00a0\u00bb width_phone=\u00a0\u00bb73%\u00a0\u00bb width_last_edited=\u00a0\u00bbon|phone\u00a0\u00bb max_width=\u00a0\u00bb73%\u00a0\u00bb module_alignment=\u00a0\u00bbcenter\u00a0\u00bb custom_margin=\u00a0\u00bb|0px||0px|false|false\u00a0\u00bb custom_padding=\u00a0\u00bb|0px||0px|false|false\u00a0\u00bb locked=\u00a0\u00bboff\u00a0\u00bb global_colors_info=\u00a0\u00bb{}\u00a0\u00bb][\/dipl_woo_products_carousel][\/et_pb_column][\/et_pb_row][\/et_pb_section]<\/p>","protected":false},"excerpt":{"rendered":"<h3>Grape variety:<\/h3>\n<p>Ugni-Blanc<\/p>\n<h3>Tasting notes:<\/h3>\n<p>Blend of cognacs from Andr\u00e9 Thorin &amp; Claude Thorin<br \/>\nRancio notes of cedar wood, tobacco and candied fruit.<\/p>\n<h3>Food pairing:<\/h3>\n<p>As an after-dinner drink or with a cigar<\/p>","protected":false},"featured_media":1484,"template":"","meta":{"_seopress_robots_primary_cat":"none","_seopress_titles_title":"","_seopress_titles_desc":"","_seopress_robots_index":"","_et_pb_use_builder":"on","_et_pb_old_content":"<h3>Un cognac d\u2019exception :<\/h3>\r\nL\u2019h\u00e9ritage montre tout la quintessence du Cognac de Grande Champagne. Gr\u00e2ce \u00e0 un terroir exceptionnel et \u00e0 un long vieillissement l\u2019h\u00e9ritage r\u00e9v\u00e8le toute sa complexit\u00e9 aromatique avec une longueur en bouche inoubliable.","_et_gb_content_width":""},"product_brand":[],"product_cat":[22],"product_tag":[],"class_list":{"0":"post-1576","1":"product","2":"type-product","3":"status-publish","4":"has-post-thumbnail","6":"product_cat-les-intemporels","8":"first","9":"instock","10":"shipping-taxable","11":"product-type-simple"},"_links":{"self":[{"href":"https:\/\/www.cognac-thorin.com\/en\/wp-json\/wp\/v2\/product\/1576","targetHints":{"allow":["GET"]}}],"collection":[{"href":"https:\/\/www.cognac-thorin.com\/en\/wp-json\/wp\/v2\/product"}],"about":[{"href":"https:\/\/www.cognac-thorin.com\/en\/wp-json\/wp\/v2\/types\/product"}],"wp:featuredmedia":[{"embeddable":true,"href":"https:\/\/www.cognac-thorin.com\/en\/wp-json\/wp\/v2\/media\/1484"}],"wp:attachment":[{"href":"https:\/\/www.cognac-thorin.com\/en\/wp-json\/wp\/v2\/media?parent=1576"}],"wp:term":[{"taxonomy":"product_brand","embeddable":true,"href":"https:\/\/www.cognac-thorin.com\/en\/wp-json\/wp\/v2\/product_brand?post=1576"},{"taxonomy":"product_cat","embeddable":true,"href":"https:\/\/www.cognac-thorin.com\/en\/wp-json\/wp\/v2\/product_cat?post=1576"},{"taxonomy":"product_tag","embeddable":true,"href":"https:\/\/www.cognac-thorin.com\/en\/wp-json\/wp\/v2\/product_tag?post=1576"}],"curies":[{"name":"wp","href":"https:\/\/api.w.org\/{rel}","templated":true}]}}