{"id":5187,"date":"2025-02-01T11:42:52","date_gmt":"2025-02-01T10:42:52","guid":{"rendered":"https:\/\/www.cognac-thorin.com\/?post_type=product&#038;p=5187"},"modified":"2025-02-01T11:54:31","modified_gmt":"2025-02-01T10:54:31","slug":"esprit","status":"publish","type":"product","link":"https:\/\/www.cognac-thorin.com\/en\/product\/esprit\/","title":{"rendered":"Esprit"},"content":{"rendered":"<p>[et_pb_section fb_built=\u00a0\u00bb1&Prime; _builder_version=\u00a0\u00bb4.23.1&Prime; _module_preset=\u00a0\u00bbdefault\u00a0\u00bb custom_margin=\u00a0\u00bb101px||||false|false\u00a0\u00bb custom_margin_tablet=\u00a0\u00bb101px||||false|false\u00a0\u00bb custom_margin_phone=\u00a0\u00bb0px||||false|false\u00a0\u00bb custom_margin_last_edited=\u00a0\u00bbon|phone\u00a0\u00bb custom_padding=\u00a0\u00bb0px|||||\u00a0\u00bb locked=\u00a0\u00bboff\u00a0\u00bb global_colors_info=\u00a0\u00bb{}\u00a0\u00bb][et_pb_row _builder_version=\u00a0\u00bb4.23.1&Prime; _module_preset=\u00a0\u00bbdefault\u00a0\u00bb width=\u00a0\u00bb90%\u00a0\u00bb max_width=\u00a0\u00bb100%\u00a0\u00bb custom_padding=\u00a0\u00bb39px||0px|||\u00a0\u00bb global_colors_info=\u00a0\u00bb{}\u00a0\u00bb][et_pb_column type=\u00a0\u00bb4_4&Prime; _builder_version=\u00a0\u00bb4.23.1&Prime; _module_preset=\u00a0\u00bbdefault\u00a0\u00bb global_colors_info=\u00a0\u00bb{}\u00a0\u00bb][et_pb_wc_breadcrumb _builder_version=\u00a0\u00bb4.23.1&Prime; _module_preset=\u00a0\u00bbdefault\u00a0\u00bb body_font_size=\u00a0\u00bb19px\u00a0\u00bb custom_margin=\u00a0\u00bb|||26px|false|false\u00a0\u00bb global_colors_info=\u00a0\u00bb{}\u00a0\u00bb][\/et_pb_wc_breadcrumb][\/et_pb_column][\/et_pb_row][et_pb_row column_structure=\u00a0\u00bb1_4,1_4,1_2&Prime; _builder_version=\u00a0\u00bb4.23.1&Prime; _module_preset=\u00a0\u00bbdefault\u00a0\u00bb width=\u00a0\u00bb94%\u00a0\u00bb max_width=\u00a0\u00bb100%\u00a0\u00bb custom_padding=\u00a0\u00bb|24px||24px|false|true\u00a0\u00bb global_colors_info=\u00a0\u00bb{}\u00a0\u00bb][et_pb_column type=\u00a0\u00bb1_4&Prime; _builder_version=\u00a0\u00bb4.23.1&Prime; _module_preset=\u00a0\u00bbdefault\u00a0\u00bb global_colors_info=\u00a0\u00bb{}\u00a0\u00bb][dipl_separator line_type=\u00a0\u00bbdouble\u00a0\u00bb seprator_thickness=\u00a0\u00bb1px\u00a0\u00bb separator_color=\u00a0\u00bb#CCA351&Prime; _builder_version=\u00a0\u00bb4.23.1&Prime; _module_preset=\u00a0\u00bbdefault\u00a0\u00bb width=\u00a0\u00bb30%\u00a0\u00bb module_alignment=\u00a0\u00bbcenter\u00a0\u00bb global_colors_info=\u00a0\u00bb{}\u00a0\u00bb][\/dipl_separator][et_pb_wc_title _builder_version=\u00a0\u00bb4.23.1&Prime; _module_preset=\u00a0\u00bbdefault\u00a0\u00bb header_font=\u00a0\u00bb|||on|||||\u00a0\u00bb header_text_align=\u00a0\u00bbcenter\u00a0\u00bb header_font_size=\u00a0\u00bb54px\u00a0\u00bb global_colors_info=\u00a0\u00bb{}\u00a0\u00bb][\/et_pb_wc_title][dipl_separator line_type=\u00a0\u00bbdouble\u00a0\u00bb seprator_thickness=\u00a0\u00bb1px\u00a0\u00bb separator_color=\u00a0\u00bb#CCA351&Prime; _builder_version=\u00a0\u00bb4.23.1&Prime; _module_preset=\u00a0\u00bbdefault\u00a0\u00bb width=\u00a0\u00bb30%\u00a0\u00bb module_alignment=\u00a0\u00bbcenter\u00a0\u00bb global_colors_info=\u00a0\u00bb{}\u00a0\u00bb][\/dipl_separator][et_pb_text _builder_version=\u00a0\u00bb4.23.1&Prime; _module_preset=\u00a0\u00bbdefault\u00a0\u00bb header_3_font=\u00a0\u00bb|||on|||||\u00a0\u00bb header_3_text_align=\u00a0\u00bbcenter\u00a0\u00bb header_3_font_size=\u00a0\u00bb42px\u00a0\u00bb header_4_font=\u00a0\u00bbLobster||||||||\u00a0\u00bb header_4_text_align=\u00a0\u00bbcenter\u00a0\u00bb header_4_font_size=\u00a0\u00bb40px\u00a0\u00bb global_colors_info=\u00a0\u00bb{}\u00a0\u00bb]<\/p>\n<h3>Cognac<\/h3>\n<h4>Grande<br \/>\nChampage<\/h4>\n<p>[\/et_pb_text][dipl_separator line_type=\u00a0\u00bbdouble\u00a0\u00bb seprator_thickness=\u00a0\u00bb1px\u00a0\u00bb separator_color=\u00a0\u00bb#CCA351&Prime; _builder_version=\u00a0\u00bb4.23.1&Prime; _module_preset=\u00a0\u00bbdefault\u00a0\u00bb width=\u00a0\u00bb30%\u00a0\u00bb module_alignment=\u00a0\u00bbcenter\u00a0\u00bb global_colors_info=\u00a0\u00bb{}\u00a0\u00bb][\/dipl_separator][\/et_pb_column][et_pb_column type=\u00a0\u00bb1_4&Prime; _builder_version=\u00a0\u00bb4.23.1&Prime; _module_preset=\u00a0\u00bbdefault\u00a0\u00bb global_colors_info=\u00a0\u00bb{}\u00a0\u00bb][dipl_image_card image=\u00a0\u00bb@ET-DC@eyJkeW5hbWljIjp0cnVlLCJjb250ZW50IjoicG9zdF9mZWF0dXJlZF9pbWFnZSIsInNldHRpbmdzIjp7fX0=@\u00a0\u00bb _builder_version=\u00a0\u00bb4.27.4&Prime; _dynamic_attributes=\u00a0\u00bbimage\u00a0\u00bb _module_preset=\u00a0\u00bbdefault\u00a0\u00bb title_font_size=\u00a0\u00bb0px\u00a0\u00bb transform_scale=\u00a0\u00bb142%|142%\u00a0\u00bb transform_translate=\u00a0\u00bb0px|73px\u00a0\u00bb width=\u00a0\u00bb100%\u00a0\u00bb width_tablet=\u00a0\u00bb50%\u00a0\u00bb width_phone=\u00a0\u00bb36%\u00a0\u00bb width_last_edited=\u00a0\u00bbon|phone\u00a0\u00bb module_alignment=\u00a0\u00bbcenter\u00a0\u00bb global_colors_info=\u00a0\u00bb{}\u00a0\u00bb][\/dipl_image_card][\/et_pb_column][et_pb_column type=\u00a0\u00bb1_2&Prime; _builder_version=\u00a0\u00bb4.23.1&Prime; _module_preset=\u00a0\u00bbdefault\u00a0\u00bb global_colors_info=\u00a0\u00bb{}\u00a0\u00bb][et_pb_wc_description admin_label=\u00a0\u00bbDescription Courte\u00a0\u00bb _builder_version=\u00a0\u00bb4.23.1&Prime; _module_preset=\u00a0\u00bbdefault\u00a0\u00bb header_3_font=\u00a0\u00bbLobster||||||||\u00a0\u00bb header_3_font_size=\u00a0\u00bb30px\u00a0\u00bb custom_margin=\u00a0\u00bb||23px|||\u00a0\u00bb global_colors_info=\u00a0\u00bb{}\u00a0\u00bb][\/et_pb_wc_description][et_pb_text disabled_on=\u00a0\u00bbon|on|on\u00a0\u00bb admin_label=\u00a0\u00bbTitre M\u00e9dailles\u00a0\u00bb _builder_version=\u00a0\u00bb4.27.4&Prime; _module_preset=\u00a0\u00bbdefault\u00a0\u00bb header_3_font=\u00a0\u00bbLobster||||||||\u00a0\u00bb header_3_font_size=\u00a0\u00bb34px\u00a0\u00bb custom_margin=\u00a0\u00bb||-6px||false|false\u00a0\u00bb custom_padding=\u00a0\u00bb||0px|||\u00a0\u00bb disabled=\u00a0\u00bbon\u00a0\u00bb global_colors_info=\u00a0\u00bb{}\u00a0\u00bb]<\/p>\n<h3>Medals:<\/h3>\n<p>[\/et_pb_text][dipl_image_card_carousel equalize_slides_height=\u00a0\u00bbon\u00a0\u00bb autoplay=\u00a0\u00bboff\u00a0\u00bb cards_per_slide_tablet=\u00a0\u00bb2&Prime; cards_per_slide_phone=\u00a0\u00bb3&Prime; cards_per_slide_last_edited=\u00a0\u00bbon|phone\u00a0\u00bb disabled_on=\u00a0\u00bbon|on|on\u00a0\u00bb _builder_version=\u00a0\u00bb4.27.4&Prime; _module_preset=\u00a0\u00bbdefault\u00a0\u00bb width=\u00a0\u00bb89%\u00a0\u00bb disabled=\u00a0\u00bbon\u00a0\u00bb global_colors_info=\u00a0\u00bb{}\u00a0\u00bb][\/dipl_image_card_carousel][et_pb_wc_description description_type=\u00a0\u00bbdescription\u00a0\u00bb admin_label=\u00a0\u00bbDescription (encart dor\u00e9)\u00a0\u00bb _builder_version=\u00a0\u00bb4.23.1&Prime; _module_preset=\u00a0\u00bbdefault\u00a0\u00bb body_text_color=\u00a0\u00bb#CCA351&Prime; header_3_font=\u00a0\u00bbLobster||||||||\u00a0\u00bb header_3_text_color=\u00a0\u00bb#CCA351&Prime; header_3_font_size=\u00a0\u00bb34px\u00a0\u00bb custom_padding=\u00a0\u00bb|10px|10px|10px|false|true\u00a0\u00bb border_width_all=\u00a0\u00bb1px\u00a0\u00bb border_color_all=\u00a0\u00bb#CCA351&Prime; global_colors_info=\u00a0\u00bb{}\u00a0\u00bb][\/et_pb_wc_description][et_pb_text disabled_on=\u00a0\u00bbon|on|on\u00a0\u00bb admin_label=\u00a0\u00bblien carafe\u00a0\u00bb _builder_version=\u00a0\u00bb4.27.4&Prime; _module_preset=\u00a0\u00bbdefault\u00a0\u00bb text_font=\u00a0\u00bb||||on|||#CCA351|\u00a0\u00bb disabled=\u00a0\u00bbon\u00a0\u00bb locked=\u00a0\u00bboff\u00a0\u00bb global_colors_info=\u00a0\u00bb{}\u00a0\u00bb]<\/p>\n<div class=\"page\" title=\"Page 3\">\n<div class=\"section\">\n<div class=\"layoutArea\">\n<div class=\"column\">\n<div class=\"page\" title=\"Page 2\">\n<div class=\"section\">\n<div class=\"layoutArea\">\n<div class=\"column\">\n<div class=\"page\" title=\"Page 10\">\n<div class=\"section\">\n<div class=\"layoutArea\">\n<div class=\"column\">\n<div class=\"page\" title=\"Page 11\">\n<div class=\"section\">\n<div class=\"layoutArea\">\n<div class=\"column\">\n<p><a href=\"https:\/\/dev.cognac-thorin.com\/produit\/heritage\/\">Also available in bottle: Heritage<\/a><\/p>\n<\/div>\n<\/div>\n<\/div>\n<\/div>\n<\/div>\n<\/div>\n<\/div>\n<\/div>\n<\/div>\n<\/div>\n<\/div>\n<\/div>\n<\/div>\n<\/div>\n<\/div>\n<\/div>\n<p>[\/et_pb_text][\/et_pb_column][\/et_pb_row][\/et_pb_section]<\/p>","protected":false},"excerpt":{"rendered":"<h3>Grape variety:<\/h3>\n<p>Ugni-Blanc<\/p>\n<h3>Tasting notes:<\/h3>\n<p class=\"p1\">Chaque gorg\u00e9e d\u2019Esprit r\u00e9v\u00e8le un \u00e9quilibre parfait offrant une symphonie d&rsquo;ar\u00f4mes : des notes de rancio, d&rsquo;oranges confites et de tabac avec une longueur en bouche in\u00e9gal\u00e9e.<\/p>\n<p class=\"p1\">Le nez est puissant et subtil avec des ar\u00f4mes de caf\u00e9 torr\u00e9fi\u00e9, de safran, de jasmin et de bois de santal. En bouche, il est \u00e9l\u00e9gant, rond avec des notes \u00e9pic\u00e9es et de fruits secs. Le final pr\u00e9sente des notes de figues s\u00e9ch\u00e9es et de fruits confits.<\/p>","protected":false},"featured_media":5192,"template":"","meta":{"_seopress_robots_primary_cat":"none","_seopress_titles_title":"","_seopress_titles_desc":"","_seopress_robots_index":"","_et_pb_use_builder":"on","_et_pb_old_content":"<h3 class=\"p1\">L\u2019esprit de la famille Thorin<\/h3>\r\n<p class=\"p2\">Ce cognac est un assemblage rare de cognacs distill\u00e9s par Andr\u00e9 Thorin, patiemment vieillis par son fils Claude puis assembl\u00e9s avec ses filles.<\/p>\r\n<p class=\"p2\">Il t\u00e9moigne du savoir-faire ancestral de la famille Thorin dans l'art de la distillation, du vieillissement et de l\u2019assemblage du cognac.<\/p>","_et_gb_content_width":""},"product_brand":[],"product_cat":[23],"product_tag":[],"class_list":{"0":"post-5187","1":"product","2":"type-product","3":"status-publish","4":"has-post-thumbnail","6":"product_cat-les-carafes","8":"first","9":"instock","10":"shipping-taxable","11":"product-type-simple"},"_links":{"self":[{"href":"https:\/\/www.cognac-thorin.com\/en\/wp-json\/wp\/v2\/product\/5187","targetHints":{"allow":["GET"]}}],"collection":[{"href":"https:\/\/www.cognac-thorin.com\/en\/wp-json\/wp\/v2\/product"}],"about":[{"href":"https:\/\/www.cognac-thorin.com\/en\/wp-json\/wp\/v2\/types\/product"}],"wp:featuredmedia":[{"embeddable":true,"href":"https:\/\/www.cognac-thorin.com\/en\/wp-json\/wp\/v2\/media\/5192"}],"wp:attachment":[{"href":"https:\/\/www.cognac-thorin.com\/en\/wp-json\/wp\/v2\/media?parent=5187"}],"wp:term":[{"taxonomy":"product_brand","embeddable":true,"href":"https:\/\/www.cognac-thorin.com\/en\/wp-json\/wp\/v2\/product_brand?post=5187"},{"taxonomy":"product_cat","embeddable":true,"href":"https:\/\/www.cognac-thorin.com\/en\/wp-json\/wp\/v2\/product_cat?post=5187"},{"taxonomy":"product_tag","embeddable":true,"href":"https:\/\/www.cognac-thorin.com\/en\/wp-json\/wp\/v2\/product_tag?post=5187"}],"curies":[{"name":"wp","href":"https:\/\/api.w.org\/{rel}","templated":true}]}}